{"id":199,"date":"2017-05-29T09:00:54","date_gmt":"2017-05-29T07:00:54","guid":{"rendered":"http:\/\/themes.getmotopress.com\/oceanica\/?page_id=199"},"modified":"2025-04-14T15:11:37","modified_gmt":"2025-04-14T13:11:37","slug":"about","status":"publish","type":"page","link":"https:\/\/www.villaceciliaischia.it\/it_it\/home-page\/about\/","title":{"rendered":"Servizi"},"content":{"rendered":"\n<div class=\"mphb_sc_services-wrapper \"><div class=\"mphb-service post-225 mphb_room_service type-mphb_room_service status-publish has-post-thumbnail mphb-service-free\">\n\n\t\n\n\t<p class=\"mphb-loop-service-thumbnail\">\n\t<img width=\"843\" height=\"560\" src=\"https:\/\/i0.wp.com\/www.villaceciliaischia.it\/wp-content\/uploads\/2024\/07\/Terrazzo-colazioni.jpg?fit=843%2C560&amp;ssl=1\" class=\"attachment-post-thumbnail size-post-thumbnail wp-post-image\" alt=\"\" loading=\"lazy\" srcset=\"https:\/\/i0.wp.com\/www.villaceciliaischia.it\/wp-content\/uploads\/2024\/07\/Terrazzo-colazioni.jpg?w=2048&amp;ssl=1 2048w, https:\/\/i0.wp.com\/www.villaceciliaischia.it\/wp-content\/uploads\/2024\/07\/Terrazzo-colazioni.jpg?resize=300%2C199&amp;ssl=1 300w, https:\/\/i0.wp.com\/www.villaceciliaischia.it\/wp-content\/uploads\/2024\/07\/Terrazzo-colazioni.jpg?resize=1024%2C680&amp;ssl=1 1024w, https:\/\/i0.wp.com\/www.villaceciliaischia.it\/wp-content\/uploads\/2024\/07\/Terrazzo-colazioni.jpg?resize=768%2C510&amp;ssl=1 768w, https:\/\/i0.wp.com\/www.villaceciliaischia.it\/wp-content\/uploads\/2024\/07\/Terrazzo-colazioni.jpg?resize=1536%2C1020&amp;ssl=1 1536w, https:\/\/i0.wp.com\/www.villaceciliaischia.it\/wp-content\/uploads\/2024\/07\/Terrazzo-colazioni.jpg?resize=18%2C12&amp;ssl=1 18w, https:\/\/i0.wp.com\/www.villaceciliaischia.it\/wp-content\/uploads\/2024\/07\/Terrazzo-colazioni.jpg?resize=843%2C560&amp;ssl=1 843w, https:\/\/i0.wp.com\/www.villaceciliaischia.it\/wp-content\/uploads\/2024\/07\/Terrazzo-colazioni.jpg?resize=2000%2C1328&amp;ssl=1 2000w\" sizes=\"(max-width: 748px) 100vw, 748px\" \/>\n\t<\/p>\n\n\n\n<h2 class=\"mphb-service-title\">\n<a href=\"https:\/\/www.villaceciliaischia.it\/it_it\/service\/breakfast\/\">Colazione a buffet self-service<\/a>\n<\/h2>\n\n<p>Com&#8217;\u00e8 piacevole iniziare la giornata con una colazione in hotel. La differenza qui \u00e8 che i nostri prodotti sono freschi, italiani e offriamo una grande variet\u00e0. Scopri tu stesso cosa abbiamo per te.<\/p>\n\n\n<p class=\"mphb-price-wrapper\"><strong>Prezzo:<\/strong>\n<span class=\"mphb-price mphb-price-free\">Gratis<\/span>\n<\/p>\n<\/div><div class=\"mphb-service post-438 mphb_room_service type-mphb_room_service status-publish has-post-thumbnail mphb-service-pay-per-adult\">\n\n\t\n\n\t<p class=\"mphb-loop-service-thumbnail\">\n\t<img width=\"631\" height=\"420\" src=\"https:\/\/i0.wp.com\/www.villaceciliaischia.it\/wp-content\/uploads\/2022\/04\/MEDMAR.jpg?fit=631%2C420&amp;ssl=1\" class=\"attachment-post-thumbnail size-post-thumbnail wp-post-image\" alt=\"\" loading=\"lazy\" srcset=\"https:\/\/i0.wp.com\/www.villaceciliaischia.it\/wp-content\/uploads\/2022\/04\/MEDMAR.jpg?w=631&amp;ssl=1 631w, https:\/\/i0.wp.com\/www.villaceciliaischia.it\/wp-content\/uploads\/2022\/04\/MEDMAR.jpg?resize=300%2C200&amp;ssl=1 300w, https:\/\/i0.wp.com\/www.villaceciliaischia.it\/wp-content\/uploads\/2022\/04\/MEDMAR.jpg?resize=18%2C12&amp;ssl=1 18w\" sizes=\"(max-width: 631px) 100vw, 631px\" \/>\n\t<\/p>\n\n\n\n<h2 class=\"mphb-service-title\">\n<a href=\"https:\/\/www.villaceciliaischia.it\/it_it\/service\/ferry-ship-transfer-to-the-hotel\/\">Traghetto + Trasferimento in hotel<\/a>\n<\/h2>\n\n<p>Offerta TRAGHETTO a \u20ac 38: include il biglietto di andata e ritorno da Napoli Calata Porta di Massa, e il trasferimento di andata e ritorno in bus dal porto di Ischia\/Casamicciola all&#8217;Hotel Villa Cecilia. Normalmente il traghetto andata e ritorno + taxi andata e ritorno costa \u20ac 54. Considerando \u20ac 30 A\/R in Taxi e &hellip; <a href=\"https:\/\/www.villaceciliaischia.it\/it_it\/service\/ferry-ship-transfer-to-the-hotel\/\" class=\"more-link\">Continue reading<span class=\"screen-reader-text\"> &#8220;Traghetto + Trasferimento in hotel&#8221;<\/span><\/a><\/p>\n\n\n<p class=\"mphb-price-wrapper\"><strong>Prezzo:<\/strong>\n<span class=\"mphb-price\"><span class=\"mphb-currency\">&euro;<\/span>38<\/span> \/ Una volta \/ Per persona\n<\/p>\n<\/div><div class=\"mphb-service post-441 mphb_room_service type-mphb_room_service status-publish has-post-thumbnail mphb-service-pay-per-adult\">\n\n\t\n\n\t<p class=\"mphb-loop-service-thumbnail\">\n\t<img width=\"841\" height=\"560\" src=\"https:\/\/i0.wp.com\/www.villaceciliaischia.it\/wp-content\/uploads\/2022\/04\/Aliscafo-Snav.jpg?fit=841%2C560&amp;ssl=1\" class=\"attachment-post-thumbnail size-post-thumbnail wp-post-image\" alt=\"\" loading=\"lazy\" srcset=\"https:\/\/i0.wp.com\/www.villaceciliaischia.it\/wp-content\/uploads\/2022\/04\/Aliscafo-Snav.jpg?w=1024&amp;ssl=1 1024w, https:\/\/i0.wp.com\/www.villaceciliaischia.it\/wp-content\/uploads\/2022\/04\/Aliscafo-Snav.jpg?resize=300%2C200&amp;ssl=1 300w, https:\/\/i0.wp.com\/www.villaceciliaischia.it\/wp-content\/uploads\/2022\/04\/Aliscafo-Snav.jpg?resize=768%2C512&amp;ssl=1 768w, https:\/\/i0.wp.com\/www.villaceciliaischia.it\/wp-content\/uploads\/2022\/04\/Aliscafo-Snav.jpg?resize=18%2C12&amp;ssl=1 18w, https:\/\/i0.wp.com\/www.villaceciliaischia.it\/wp-content\/uploads\/2022\/04\/Aliscafo-Snav.jpg?resize=841%2C560&amp;ssl=1 841w, https:\/\/i0.wp.com\/www.villaceciliaischia.it\/wp-content\/uploads\/2022\/04\/Aliscafo-Snav.jpg?resize=840%2C560&amp;ssl=1 840w\" sizes=\"(max-width: 748px) 100vw, 748px\" \/>\n\t<\/p>\n\n\n\n<h2 class=\"mphb-service-title\">\n<a href=\"https:\/\/www.villaceciliaischia.it\/it_it\/service\/hydrofoil-transfer-to-the-hotel\/\">Aliscafo + Trasferimento in Hotel<\/a>\n<\/h2>\n\n<p>Offerta HYDROFOIL a \u20ac 50: include il biglietto di andata e ritorno da Napoli BEVERELLO, e il trasferimento di andata e ritorno in bus dal porto di Casamicciola all&#8217;Hotel Villa Cecilia. I bagagli sono esclusi da questa offerta e devono essere pagati all&#8217;imbarco. Normalmente il viaggio andata e ritorno in aliscafo + taxi costa \u20ac &hellip; <a href=\"https:\/\/www.villaceciliaischia.it\/it_it\/service\/hydrofoil-transfer-to-the-hotel\/\" class=\"more-link\">Continue reading<span class=\"screen-reader-text\"> &#8220;Aliscafo + Trasferimento in Hotel&#8221;<\/span><\/a><\/p>\n\n\n<p class=\"mphb-price-wrapper\"><strong>Prezzo:<\/strong>\n<span class=\"mphb-price\"><span class=\"mphb-currency\">&euro;<\/span>50<\/span> \/ Una volta \/ Per persona\n<\/p>\n<\/div><div class=\"mphb-service post-446 mphb_room_service type-mphb_room_service status-publish has-post-thumbnail mphb-service-free\">\n\n\t\n\n\t<p class=\"mphb-loop-service-thumbnail\">\n\t<img width=\"612\" height=\"435\" src=\"https:\/\/i0.wp.com\/www.villaceciliaischia.it\/wp-content\/uploads\/2022\/04\/istockphoto-1268469291-612x612-1.jpg?fit=612%2C435&amp;ssl=1\" class=\"attachment-post-thumbnail size-post-thumbnail wp-post-image\" alt=\"\" loading=\"lazy\" srcset=\"https:\/\/i0.wp.com\/www.villaceciliaischia.it\/wp-content\/uploads\/2022\/04\/istockphoto-1268469291-612x612-1.jpg?w=612&amp;ssl=1 612w, https:\/\/i0.wp.com\/www.villaceciliaischia.it\/wp-content\/uploads\/2022\/04\/istockphoto-1268469291-612x612-1.jpg?resize=300%2C213&amp;ssl=1 300w, https:\/\/i0.wp.com\/www.villaceciliaischia.it\/wp-content\/uploads\/2022\/04\/istockphoto-1268469291-612x612-1.jpg?resize=18%2C12&amp;ssl=1 18w\" sizes=\"(max-width: 612px) 100vw, 612px\" \/>\n\t<\/p>\n\n\n\n<h2 class=\"mphb-service-title\">\n<a href=\"https:\/\/www.villaceciliaischia.it\/it_it\/service\/concierge-service\/\">Servizio di concierge<\/a>\n<\/h2>\n\n<p>Ischia \u00e8 grande, e ci vuole tempo per goderne appieno. Sappiamo che \u00e8 sicuramente difficile scegliere le destinazioni giuste. Per questo ti offriamo un servizio di concierge, ovvero ti consigliamo cosa fare durante il tuo soggiorno ad Ischia. Basta chiedere alla reception all&#8217;ingresso! Ci sono un sacco di divertimento o attivit\u00e0 che possono sicuramente togliere &hellip; <a href=\"https:\/\/www.villaceciliaischia.it\/it_it\/service\/concierge-service\/\" class=\"more-link\">Continue reading<span class=\"screen-reader-text\"> &#8220;Servizio di concierge&#8221;<\/span><\/a><\/p>\n\n\n<p class=\"mphb-price-wrapper\"><strong>Prezzo:<\/strong>\n<span class=\"mphb-price mphb-price-free\">Gratis<\/span>\n<\/p>\n<\/div><div class=\"mphb-service post-454 mphb_room_service type-mphb_room_service status-publish has-post-thumbnail mphb-service-free\">\n\n\t\n\n\t<p class=\"mphb-loop-service-thumbnail\">\n\t<img width=\"787\" height=\"560\" src=\"https:\/\/i0.wp.com\/www.villaceciliaischia.it\/wp-content\/uploads\/2022\/04\/DSC3366-scaled.jpg?fit=787%2C560&amp;ssl=1\" class=\"attachment-post-thumbnail size-post-thumbnail wp-post-image\" alt=\"\" loading=\"lazy\" srcset=\"https:\/\/i0.wp.com\/www.villaceciliaischia.it\/wp-content\/uploads\/2022\/04\/DSC3366-scaled.jpg?w=2560&amp;ssl=1 2560w, https:\/\/i0.wp.com\/www.villaceciliaischia.it\/wp-content\/uploads\/2022\/04\/DSC3366-scaled.jpg?resize=300%2C213&amp;ssl=1 300w, https:\/\/i0.wp.com\/www.villaceciliaischia.it\/wp-content\/uploads\/2022\/04\/DSC3366-scaled.jpg?resize=1024%2C728&amp;ssl=1 1024w, https:\/\/i0.wp.com\/www.villaceciliaischia.it\/wp-content\/uploads\/2022\/04\/DSC3366-scaled.jpg?resize=768%2C546&amp;ssl=1 768w, https:\/\/i0.wp.com\/www.villaceciliaischia.it\/wp-content\/uploads\/2022\/04\/DSC3366-scaled.jpg?resize=1536%2C1093&amp;ssl=1 1536w, https:\/\/i0.wp.com\/www.villaceciliaischia.it\/wp-content\/uploads\/2022\/04\/DSC3366-scaled.jpg?resize=2048%2C1457&amp;ssl=1 2048w, https:\/\/i0.wp.com\/www.villaceciliaischia.it\/wp-content\/uploads\/2022\/04\/DSC3366-scaled.jpg?resize=18%2C12&amp;ssl=1 18w, https:\/\/i0.wp.com\/www.villaceciliaischia.it\/wp-content\/uploads\/2022\/04\/DSC3366-scaled.jpg?resize=787%2C560&amp;ssl=1 787w, https:\/\/i0.wp.com\/www.villaceciliaischia.it\/wp-content\/uploads\/2022\/04\/DSC3366-scaled.jpg?resize=2000%2C1423&amp;ssl=1 2000w, https:\/\/i0.wp.com\/www.villaceciliaischia.it\/wp-content\/uploads\/2022\/04\/DSC3366-scaled.jpg?w=2244&amp;ssl=1 2244w\" sizes=\"(max-width: 748px) 100vw, 748px\" \/>\n\t<\/p>\n\n\n\n<h2 class=\"mphb-service-title\">\n<a href=\"https:\/\/www.villaceciliaischia.it\/it_it\/service\/hotel-swimming-pool\/\">Piscina dell&#8217;hotel<\/a>\n<\/h2>\n\n<p>Immergiti nella nostra Piscina con acqua Geotermica, Immerso nel verde e coperto da un tetto, permette di fare il bagno senza soffrire i raggi solari. Noi preleviamo l&#8217;acqua ad una profondit\u00e0 di\u00a0 30 mt. Le dimensioni ridotte del pozzo garantiscono di preservare tutte le propriet\u00e0 geotermiche della fonte: dalla temperatura che si agira intorno ai &hellip; <a href=\"https:\/\/www.villaceciliaischia.it\/it_it\/service\/hotel-swimming-pool\/\" class=\"more-link\">Continue reading<span class=\"screen-reader-text\"> &#8220;Piscina dell&#8217;hotel&#8221;<\/span><\/a><\/p>\n\n\n<p class=\"mphb-price-wrapper\"><strong>Prezzo:<\/strong>\n<span class=\"mphb-price mphb-price-free\">Gratis<\/span>\n<\/p>\n<\/div><div class=\"mphb-service post-908 mphb_room_service type-mphb_room_service status-publish has-post-thumbnail mphb-service-pay-per-adult\">\n\n\t\n\n\t<p class=\"mphb-loop-service-thumbnail\">\n\t<img width=\"853\" height=\"560\" src=\"https:\/\/i0.wp.com\/www.villaceciliaischia.it\/wp-content\/uploads\/2023\/06\/DSC3380.jpg?fit=853%2C560&amp;ssl=1\" class=\"attachment-post-thumbnail size-post-thumbnail wp-post-image\" alt=\"\" loading=\"lazy\" srcset=\"https:\/\/i0.wp.com\/www.villaceciliaischia.it\/wp-content\/uploads\/2023\/06\/DSC3380.jpg?w=2048&amp;ssl=1 2048w, https:\/\/i0.wp.com\/www.villaceciliaischia.it\/wp-content\/uploads\/2023\/06\/DSC3380.jpg?resize=300%2C197&amp;ssl=1 300w, https:\/\/i0.wp.com\/www.villaceciliaischia.it\/wp-content\/uploads\/2023\/06\/DSC3380.jpg?resize=1024%2C672&amp;ssl=1 1024w, https:\/\/i0.wp.com\/www.villaceciliaischia.it\/wp-content\/uploads\/2023\/06\/DSC3380.jpg?resize=768%2C504&amp;ssl=1 768w, https:\/\/i0.wp.com\/www.villaceciliaischia.it\/wp-content\/uploads\/2023\/06\/DSC3380.jpg?resize=1536%2C1008&amp;ssl=1 1536w, https:\/\/i0.wp.com\/www.villaceciliaischia.it\/wp-content\/uploads\/2023\/06\/DSC3380.jpg?resize=18%2C12&amp;ssl=1 18w, https:\/\/i0.wp.com\/www.villaceciliaischia.it\/wp-content\/uploads\/2023\/06\/DSC3380.jpg?resize=853%2C560&amp;ssl=1 853w, https:\/\/i0.wp.com\/www.villaceciliaischia.it\/wp-content\/uploads\/2023\/06\/DSC3380.jpg?resize=2000%2C1313&amp;ssl=1 2000w\" sizes=\"(max-width: 748px) 100vw, 748px\" \/>\n\t<\/p>\n\n\n\n<h2 class=\"mphb-service-title\">\n<a href=\"https:\/\/www.villaceciliaischia.it\/it_it\/service\/pool-exclusive\/\">Pool Exclusive<\/a>\n<\/h2>\n\n<p>Siete una coppia e volete una serata intima? Vi offriamo l&#8217;esclusivit\u00e0 della piscina dalle 21.00 alle 23.00 di \u20ac35 a per coppia. Nel servizio \u00e8 incluso un gettone idromassaggio, un prosecco da bere a bordo piscina e un piccola cassa Bluetooth.<\/p>\n\n\n<p class=\"mphb-price-wrapper\"><strong>Prezzo:<\/strong>\n<span class=\"mphb-price\"><span class=\"mphb-currency\">&euro;<\/span>17.50<\/span> \/ Una volta \/ Per persona\n<\/p>\n<\/div><div class=\"mphb-service post-909 mphb_room_service type-mphb_room_service status-publish has-post-thumbnail mphb-service-free\">\n\n\t\n\n\t<p class=\"mphb-loop-service-thumbnail\">\n\t<img width=\"747\" height=\"560\" src=\"https:\/\/i0.wp.com\/www.villaceciliaischia.it\/wp-content\/uploads\/2022\/05\/terrazzo-panoramico-scaled.jpg?fit=747%2C560&amp;ssl=1\" class=\"attachment-post-thumbnail size-post-thumbnail wp-post-image\" alt=\"\" loading=\"lazy\" srcset=\"https:\/\/i0.wp.com\/www.villaceciliaischia.it\/wp-content\/uploads\/2022\/05\/terrazzo-panoramico-scaled.jpg?w=2560&amp;ssl=1 2560w, https:\/\/i0.wp.com\/www.villaceciliaischia.it\/wp-content\/uploads\/2022\/05\/terrazzo-panoramico-scaled.jpg?resize=300%2C225&amp;ssl=1 300w, https:\/\/i0.wp.com\/www.villaceciliaischia.it\/wp-content\/uploads\/2022\/05\/terrazzo-panoramico-scaled.jpg?resize=1024%2C768&amp;ssl=1 1024w, https:\/\/i0.wp.com\/www.villaceciliaischia.it\/wp-content\/uploads\/2022\/05\/terrazzo-panoramico-scaled.jpg?resize=768%2C576&amp;ssl=1 768w, https:\/\/i0.wp.com\/www.villaceciliaischia.it\/wp-content\/uploads\/2022\/05\/terrazzo-panoramico-scaled.jpg?resize=1536%2C1152&amp;ssl=1 1536w, https:\/\/i0.wp.com\/www.villaceciliaischia.it\/wp-content\/uploads\/2022\/05\/terrazzo-panoramico-scaled.jpg?resize=2048%2C1536&amp;ssl=1 2048w, https:\/\/i0.wp.com\/www.villaceciliaischia.it\/wp-content\/uploads\/2022\/05\/terrazzo-panoramico-scaled.jpg?resize=16%2C12&amp;ssl=1 16w, https:\/\/i0.wp.com\/www.villaceciliaischia.it\/wp-content\/uploads\/2022\/05\/terrazzo-panoramico-scaled.jpg?resize=747%2C560&amp;ssl=1 747w, https:\/\/i0.wp.com\/www.villaceciliaischia.it\/wp-content\/uploads\/2022\/05\/terrazzo-panoramico-scaled.jpg?resize=2000%2C1500&amp;ssl=1 2000w, https:\/\/i0.wp.com\/www.villaceciliaischia.it\/wp-content\/uploads\/2022\/05\/terrazzo-panoramico-scaled.jpg?w=2244&amp;ssl=1 2244w\" sizes=\"(max-width: 747px) 100vw, 747px\" \/>\n\t<\/p>\n\n\n\n<h2 class=\"mphb-service-title\">\n<a href=\"https:\/\/www.villaceciliaischia.it\/it_it\/service\/bar-cocktail-time\/\">BAR &#8211; Cocktail Time<\/a>\n<\/h2>\n\n<p>Dalle 18.30 alle 21.00 il Venerd\u00ec , il Sabato e la Domenica \u00e8 possibile godersi un drink fatti dal nostro Barman Giovanni<\/p>\n\n\n<p class=\"mphb-price-wrapper\"><strong>Prezzo:<\/strong>\n<span class=\"mphb-price mphb-price-free\">Gratis<\/span>\n<\/p>\n<\/div><\/div>\n\n\n\n<div class=\"wp-block-jetpack-send-a-message\"><\/div>\n\n\n\n<p><\/p>\n","protected":false},"excerpt":{"rendered":"<p>Un luogo che non dimenticherai mai<\/p>\n","protected":false},"author":1,"featured_media":859,"parent":16,"menu_order":0,"comment_status":"closed","ping_status":"closed","template":"","meta":{"spay_email":"","_joinchat":[]},"yoast_head":"<!-- This site is optimized with the Yoast SEO plugin v18.5.1 - https:\/\/yoast.com\/wordpress\/plugins\/seo\/ -->\r\n<title>Servizi &mdash; Hotel Villa Cecilia<\/title>\r\n<meta name=\"description\" content=\"Villa Cecilia is one of the most loved hotels in Ischia, this is what our customers\u2019 reviews say! Our mission is to provide the ideal accommodation.\" \/>\r\n<meta name=\"robots\" content=\"index, follow, max-snippet:-1, max-image-preview:large, max-video-preview:-1\" \/>\r\n<link rel=\"canonical\" href=\"https:\/\/www.villaceciliaischia.it\/it_it\/home-page\/about\/\" \/>\r\n<meta property=\"og:locale\" content=\"it_IT\" \/>\r\n<meta property=\"og:type\" content=\"article\" \/>\r\n<meta property=\"og:title\" content=\"Servizi &mdash; Hotel Villa Cecilia\" \/>\r\n<meta property=\"og:description\" content=\"Villa Cecilia is one of the most loved hotels in Ischia, this is what our customers\u2019 reviews say! Our mission is to provide the ideal accommodation.\" \/>\r\n<meta property=\"og:url\" content=\"https:\/\/www.villaceciliaischia.it\/it_it\/home-page\/about\/\" \/>\r\n<meta property=\"og:site_name\" content=\"Hotel Villa Cecilia\" \/>\r\n<meta property=\"article:modified_time\" content=\"2025-04-14T13:11:37+00:00\" \/>\r\n<meta property=\"og:image\" content=\"https:\/\/www.villaceciliaischia.it\/wp-content\/uploads\/2022\/04\/DSC3383.jpg\" \/>\r\n\t<meta property=\"og:image:width\" content=\"2048\" \/>\r\n\t<meta property=\"og:image:height\" content=\"1360\" \/>\r\n\t<meta property=\"og:image:type\" content=\"image\/jpeg\" \/>\r\n<meta name=\"twitter:card\" content=\"summary_large_image\" \/>\r\n<meta name=\"twitter:label1\" content=\"Tempo di lettura stimato\" \/>\n\t<meta name=\"twitter:data1\" content=\"1 minuto\" \/>\r\n<script type=\"application\/ld+json\" class=\"yoast-schema-graph\">{\"@context\":\"https:\/\/schema.org\",\"@graph\":[{\"@type\":\"Organization\",\"@id\":\"https:\/\/www.villaceciliaischia.it\/#organization\",\"name\":\"Villa Cecilia\",\"url\":\"https:\/\/www.villaceciliaischia.it\/\",\"sameAs\":[],\"logo\":{\"@type\":\"ImageObject\",\"@id\":\"https:\/\/www.villaceciliaischia.it\/#logo\",\"inLanguage\":\"it-IT\",\"url\":\"https:\/\/i0.wp.com\/www.villaceciliaischia.it\/wp-content\/uploads\/2022\/04\/Viale-con-Bouganville.jpg?fit=1920%2C1280&ssl=1\",\"contentUrl\":\"https:\/\/i0.wp.com\/www.villaceciliaischia.it\/wp-content\/uploads\/2022\/04\/Viale-con-Bouganville.jpg?fit=1920%2C1280&ssl=1\",\"width\":1920,\"height\":1280,\"caption\":\"Villa Cecilia\"},\"image\":{\"@id\":\"https:\/\/www.villaceciliaischia.it\/#logo\"}},{\"@type\":\"WebSite\",\"@id\":\"https:\/\/www.villaceciliaischia.it\/#website\",\"url\":\"https:\/\/www.villaceciliaischia.it\/\",\"name\":\"Hotel Villa Cecilia\",\"description\":\"\",\"publisher\":{\"@id\":\"https:\/\/www.villaceciliaischia.it\/#organization\"},\"potentialAction\":[{\"@type\":\"SearchAction\",\"target\":{\"@type\":\"EntryPoint\",\"urlTemplate\":\"https:\/\/www.villaceciliaischia.it\/?s={search_term_string}\"},\"query-input\":\"required name=search_term_string\"}],\"inLanguage\":\"it-IT\"},{\"@type\":\"ImageObject\",\"@id\":\"https:\/\/www.villaceciliaischia.it\/home-page\/about\/#primaryimage\",\"inLanguage\":\"it-IT\",\"url\":\"https:\/\/i0.wp.com\/www.villaceciliaischia.it\/wp-content\/uploads\/2022\/04\/DSC3383.jpg?fit=2048%2C1360&ssl=1\",\"contentUrl\":\"https:\/\/i0.wp.com\/www.villaceciliaischia.it\/wp-content\/uploads\/2022\/04\/DSC3383.jpg?fit=2048%2C1360&ssl=1\",\"width\":2048,\"height\":1360,\"caption\":\"Ingresso Piscina\"},{\"@type\":\"WebPage\",\"@id\":\"https:\/\/www.villaceciliaischia.it\/home-page\/about\/#webpage\",\"url\":\"https:\/\/www.villaceciliaischia.it\/home-page\/about\/\",\"name\":\"Servizi &mdash; Hotel Villa Cecilia\",\"isPartOf\":{\"@id\":\"https:\/\/www.villaceciliaischia.it\/#website\"},\"primaryImageOfPage\":{\"@id\":\"https:\/\/www.villaceciliaischia.it\/home-page\/about\/#primaryimage\"},\"datePublished\":\"2017-05-29T07:00:54+00:00\",\"dateModified\":\"2025-04-14T13:11:37+00:00\",\"description\":\"Villa Cecilia is one of the most loved hotels in Ischia, this is what our customers\u2019 reviews say! Our mission is to provide the ideal accommodation.\",\"breadcrumb\":{\"@id\":\"https:\/\/www.villaceciliaischia.it\/home-page\/about\/#breadcrumb\"},\"inLanguage\":\"it-IT\",\"potentialAction\":[{\"@type\":\"ReadAction\",\"target\":[\"https:\/\/www.villaceciliaischia.it\/home-page\/about\/\"]}]},{\"@type\":\"BreadcrumbList\",\"@id\":\"https:\/\/www.villaceciliaischia.it\/home-page\/about\/#breadcrumb\",\"itemListElement\":[{\"@type\":\"ListItem\",\"position\":1,\"name\":\"Home\",\"item\":\"https:\/\/www.villaceciliaischia.it\/\"},{\"@type\":\"ListItem\",\"position\":2,\"name\":\"Hotel Villa Cecilia\",\"item\":\"https:\/\/www.villaceciliaischia.it\/\"},{\"@type\":\"ListItem\",\"position\":3,\"name\":\"Servizi\"}]}]}<\/script>\r\n<!-- \/ Yoast SEO plugin. -->","yoast_head_json":{"title":"Servizi &mdash; Hotel Villa Cecilia","description":"Villa Cecilia is one of the most loved hotels in Ischia, this is what our customers\u2019 reviews say! Our mission is to provide the ideal accommodation.","robots":{"index":"index","follow":"follow","max-snippet":"max-snippet:-1","max-image-preview":"max-image-preview:large","max-video-preview":"max-video-preview:-1"},"canonical":"https:\/\/www.villaceciliaischia.it\/it_it\/home-page\/about\/","og_locale":"it_IT","og_type":"article","og_title":"Servizi &mdash; Hotel Villa Cecilia","og_description":"Villa Cecilia is one of the most loved hotels in Ischia, this is what our customers\u2019 reviews say! Our mission is to provide the ideal accommodation.","og_url":"https:\/\/www.villaceciliaischia.it\/it_it\/home-page\/about\/","og_site_name":"Hotel Villa Cecilia","article_modified_time":"2025-04-14T13:11:37+00:00","og_image":[{"width":2048,"height":1360,"url":"https:\/\/www.villaceciliaischia.it\/wp-content\/uploads\/2022\/04\/DSC3383.jpg","type":"image\/jpeg"}],"twitter_card":"summary_large_image","twitter_misc":{"Tempo di lettura stimato":"1 minuto"},"schema":{"@context":"https:\/\/schema.org","@graph":[{"@type":"Organization","@id":"https:\/\/www.villaceciliaischia.it\/#organization","name":"Villa Cecilia","url":"https:\/\/www.villaceciliaischia.it\/","sameAs":[],"logo":{"@type":"ImageObject","@id":"https:\/\/www.villaceciliaischia.it\/#logo","inLanguage":"it-IT","url":"https:\/\/i0.wp.com\/www.villaceciliaischia.it\/wp-content\/uploads\/2022\/04\/Viale-con-Bouganville.jpg?fit=1920%2C1280&ssl=1","contentUrl":"https:\/\/i0.wp.com\/www.villaceciliaischia.it\/wp-content\/uploads\/2022\/04\/Viale-con-Bouganville.jpg?fit=1920%2C1280&ssl=1","width":1920,"height":1280,"caption":"Villa Cecilia"},"image":{"@id":"https:\/\/www.villaceciliaischia.it\/#logo"}},{"@type":"WebSite","@id":"https:\/\/www.villaceciliaischia.it\/#website","url":"https:\/\/www.villaceciliaischia.it\/","name":"Hotel Villa Cecilia","description":"","publisher":{"@id":"https:\/\/www.villaceciliaischia.it\/#organization"},"potentialAction":[{"@type":"SearchAction","target":{"@type":"EntryPoint","urlTemplate":"https:\/\/www.villaceciliaischia.it\/?s={search_term_string}"},"query-input":"required name=search_term_string"}],"inLanguage":"it-IT"},{"@type":"ImageObject","@id":"https:\/\/www.villaceciliaischia.it\/home-page\/about\/#primaryimage","inLanguage":"it-IT","url":"https:\/\/i0.wp.com\/www.villaceciliaischia.it\/wp-content\/uploads\/2022\/04\/DSC3383.jpg?fit=2048%2C1360&ssl=1","contentUrl":"https:\/\/i0.wp.com\/www.villaceciliaischia.it\/wp-content\/uploads\/2022\/04\/DSC3383.jpg?fit=2048%2C1360&ssl=1","width":2048,"height":1360,"caption":"Ingresso Piscina"},{"@type":"WebPage","@id":"https:\/\/www.villaceciliaischia.it\/home-page\/about\/#webpage","url":"https:\/\/www.villaceciliaischia.it\/home-page\/about\/","name":"Servizi &mdash; Hotel Villa Cecilia","isPartOf":{"@id":"https:\/\/www.villaceciliaischia.it\/#website"},"primaryImageOfPage":{"@id":"https:\/\/www.villaceciliaischia.it\/home-page\/about\/#primaryimage"},"datePublished":"2017-05-29T07:00:54+00:00","dateModified":"2025-04-14T13:11:37+00:00","description":"Villa Cecilia is one of the most loved hotels in Ischia, this is what our customers\u2019 reviews say! Our mission is to provide the ideal accommodation.","breadcrumb":{"@id":"https:\/\/www.villaceciliaischia.it\/home-page\/about\/#breadcrumb"},"inLanguage":"it-IT","potentialAction":[{"@type":"ReadAction","target":["https:\/\/www.villaceciliaischia.it\/home-page\/about\/"]}]},{"@type":"BreadcrumbList","@id":"https:\/\/www.villaceciliaischia.it\/home-page\/about\/#breadcrumb","itemListElement":[{"@type":"ListItem","position":1,"name":"Home","item":"https:\/\/www.villaceciliaischia.it\/"},{"@type":"ListItem","position":2,"name":"Hotel Villa Cecilia","item":"https:\/\/www.villaceciliaischia.it\/"},{"@type":"ListItem","position":3,"name":"Servizi"}]}]}},"_links":{"self":[{"href":"https:\/\/www.villaceciliaischia.it\/it_it\/wp-json\/wp\/v2\/pages\/199"}],"collection":[{"href":"https:\/\/www.villaceciliaischia.it\/it_it\/wp-json\/wp\/v2\/pages"}],"about":[{"href":"https:\/\/www.villaceciliaischia.it\/it_it\/wp-json\/wp\/v2\/types\/page"}],"author":[{"embeddable":true,"href":"https:\/\/www.villaceciliaischia.it\/it_it\/wp-json\/wp\/v2\/users\/1"}],"replies":[{"embeddable":true,"href":"https:\/\/www.villaceciliaischia.it\/it_it\/wp-json\/wp\/v2\/comments?post=199"}],"version-history":[{"count":23,"href":"https:\/\/www.villaceciliaischia.it\/it_it\/wp-json\/wp\/v2\/pages\/199\/revisions"}],"predecessor-version":[{"id":985,"href":"https:\/\/www.villaceciliaischia.it\/it_it\/wp-json\/wp\/v2\/pages\/199\/revisions\/985"}],"up":[{"embeddable":true,"href":"https:\/\/www.villaceciliaischia.it\/it_it\/wp-json\/wp\/v2\/pages\/16"}],"wp:featuredmedia":[{"embeddable":true,"href":"https:\/\/www.villaceciliaischia.it\/it_it\/wp-json\/wp\/v2\/media\/859"}],"wp:attachment":[{"href":"https:\/\/www.villaceciliaischia.it\/it_it\/wp-json\/wp\/v2\/media?parent=199"}],"curies":[{"name":"wp","href":"https:\/\/api.w.org\/{rel}","templated":true}]}}